{"id":5655,"date":"2025-02-26T18:14:10","date_gmt":"2025-02-26T17:14:10","guid":{"rendered":"https:\/\/www.poedelwitz.de\/de\/?page_id=5655"},"modified":"2025-07-26T17:34:23","modified_gmt":"2025-07-26T15:34:23","slug":"spenden","status":"publish","type":"page","link":"https:\/\/www.poedelwitz.de\/de\/spenden","title":{"rendered":"Spenden"},"content":{"rendered":"\n<h2 class=\"wp-block-heading uagb-heading-text\" id=\"herzlich-willkommen-liebe-spender-innen\">Herzlich Willkommen liebe Spender*innen!<\/h2>\n\n\n\n<p>Hinter P\u00f6delwitz hat Zukunft steckt ehrenamtliches Engagement, Enthusiasmus, Energie und Freude an der Sache. Leider kommen auch wir nicht ohne finanzielle Mittel aus. Gl\u00fccklicherweise werden unsere Projekte mit F\u00f6rdergeldern unterst\u00fctzt. Einen prozentualen Anteil an den Kosten m\u00fcssen wir auch bei gef\u00f6rderten Projekten immer selbst tragen, die sogenannten Eigenmittel. Wir verwenden alle Gelder zweckgerichtet und sparsam.<\/p>\n\n\n\n<h2 class=\"wp-block-heading uagb-heading-text\" id=\"du-mochtest-uns-unterstutzen\">Du m\u00f6chtest uns unterst\u00fctzen?<\/h2>\n\n\n\n<p>Wir w\u00fcrden uns sehr freuen, wenn du uns mit deiner Spende unterst\u00fctzt! So k\u00f6nnen wir es weiterhin schaffen, die jeweiligen Eigenmittel bei allen Projekten aufzubringen.<\/p>\n\n\n\n<p>Vorerst kannst du leider nur per \u00dcberweisung auf unser Konto spenden:<\/p>\n\n\n\n<p><strong>Kontoinhaber*in: <\/strong>P\u00f6delwitz hat Zukunft e. V.<br><strong>Geldinstitut:<\/strong> GLS Gemeinschaftsbank eG<br><strong>BIC\/SWIFT:<\/strong> GENODEM1GLS<br><strong>IBAN:<\/strong>&nbsp;DE78430609671276464900<br>Verwendungszweck: Spende P\u00f6delwitz hat Zukunft (+ Namen und Anschrift)<\/p>\n\n\n\n<p>Weitere Spendenm\u00f6glichkeiten sind in Vorbereitung.<br>Spenden an uns sind steuerlich absetzbar. Als Spender*in schicken wir dir eine vom Finanzamt anerkannte&nbsp;<strong>Zuwendungsbest\u00e4tigung<\/strong> jeweils im Februar f\u00fcr das abgelaufene Jahr zu. Gebt dazu bitte eure Adresse im Verwendungszweck an.<\/p>\n\n\n\n<h2 class=\"wp-block-heading uagb-heading-text\" id=\"vielen-herzlichen-dank\">Vielen herzlichen Dank!<\/h2>\n\n\n\n<div style=\"height:100px\" aria-hidden=\"true\" class=\"wp-block-spacer\"><\/div>\n","protected":false},"excerpt":{"rendered":"<p>Herzlich Willkommen liebe Spender*innen! Hinter P\u00f6delwitz hat Zukunft steckt ehrenamtliches Engagement, Enthusiasmus, Energie und Freude an der Sache. Leider kommen auch wir nicht ohne finanzielle Mittel aus. Gl\u00fccklicherweise werden unsere Projekte mit F\u00f6rdergeldern unterst\u00fctzt. Einen prozentualen Anteil an den Kosten m\u00fcssen wir auch bei gef\u00f6rderten Projekten immer selbst tragen, die sogenannten Eigenmittel. Wir verwenden alle [&hellip;]<\/p>\n","protected":false},"author":1,"featured_media":0,"parent":0,"menu_order":0,"comment_status":"closed","ping_status":"closed","template":"","meta":{"inline_featured_image":false,"footnotes":""},"class_list":["post-5655","page","type-page","status-publish","hentry"],"_links":{"self":[{"href":"https:\/\/www.poedelwitz.de\/de\/wp-json\/wp\/v2\/pages\/5655","targetHints":{"allow":["GET"]}}],"collection":[{"href":"https:\/\/www.poedelwitz.de\/de\/wp-json\/wp\/v2\/pages"}],"about":[{"href":"https:\/\/www.poedelwitz.de\/de\/wp-json\/wp\/v2\/types\/page"}],"author":[{"embeddable":true,"href":"https:\/\/www.poedelwitz.de\/de\/wp-json\/wp\/v2\/users\/1"}],"replies":[{"embeddable":true,"href":"https:\/\/www.poedelwitz.de\/de\/wp-json\/wp\/v2\/comments?post=5655"}],"version-history":[{"count":2,"href":"https:\/\/www.poedelwitz.de\/de\/wp-json\/wp\/v2\/pages\/5655\/revisions"}],"predecessor-version":[{"id":5677,"href":"https:\/\/www.poedelwitz.de\/de\/wp-json\/wp\/v2\/pages\/5655\/revisions\/5677"}],"wp:attachment":[{"href":"https:\/\/www.poedelwitz.de\/de\/wp-json\/wp\/v2\/media?parent=5655"}],"curies":[{"name":"wp","href":"https:\/\/api.w.org\/{rel}","templated":true}]}}