{"id":5655,"date":"2025-02-26T18:14:10","date_gmt":"2025-02-26T17:14:10","guid":{"rendered":"https:\/\/www.poedelwitz.de\/de\/?page_id=5655"},"modified":"2025-07-26T17:34:23","modified_gmt":"2025-07-26T15:34:23","slug":"spenden","status":"publish","type":"page","link":"https:\/\/www.poedelwitz.de\/en\/spenden","title":{"rendered":"Donate"},"content":{"rendered":"<h2 class=\"wp-block-heading uagb-heading-text\" id=\"herzlich-willkommen-liebe-spender-innen\">Welcome dear donors!<\/h2>\n\n\n\n<p>Behind P\u00f6delwitz hat Zukunft is voluntary commitment, enthusiasm, energy and pleasure in the matter. Unfortunately, we can't get by without financial resources either. Fortunately, our projects are supported by funding. Even with funded projects, we always have to bear a percentage of the costs ourselves, the so-called own funds. We use all funds for the intended purpose and sparingly.<\/p>\n\n\n\n<h2 class=\"wp-block-heading uagb-heading-text\" id=\"du-mochtest-uns-unterstutzen\">You want to support us?<\/h2>\n\n\n\n<p>We would be very happy if you support us with your donation! This way we can continue to raise the respective own funds for all projects.<\/p>\n\n\n\n<p>Vorerst kannst du leider nur per \u00dcberweisung auf unser Konto spenden:<\/p>\n\n\n\n<p><strong>Kontoinhaber*in: <\/strong>P\u00f6delwitz hat Zukunft e. V.<br><strong>Geldinstitut:<\/strong> GLS Gemeinschaftsbank eG<br><strong>BIC\/SWIFT:<\/strong> GENODEM1GLS<br><strong>IBAN:<\/strong>&nbsp;DE78430609671276464900<br>Purpose: Donation P\u00f6delwitz hat Zukunft (+ name and address)<\/p>\n\n\n\n<p class=\" translation-block\">Further donation options are in preparation.<br>Donations to us are tax-deductible. As a donor, we will send you a <strong>confirmation of donation<\/strong> recognised by the tax office in February for the previous year. Please state your address in the reason for payment.<\/p>\n\n\n\n<h2 class=\"wp-block-heading uagb-heading-text\" id=\"vielen-herzlichen-dank\">Thank you very much!<\/h2>\n\n\n\n<div style=\"height:100px\" aria-hidden=\"true\" class=\"wp-block-spacer\"><\/div>","protected":false},"excerpt":{"rendered":"<p>Herzlich Willkommen liebe Spender*innen! Hinter P\u00f6delwitz hat Zukunft steckt ehrenamtliches Engagement, Enthusiasmus, Energie und Freude an der Sache. Leider kommen auch wir nicht ohne finanzielle Mittel aus. Gl\u00fccklicherweise werden unsere Projekte mit F\u00f6rdergeldern unterst\u00fctzt. Einen prozentualen Anteil an den Kosten m\u00fcssen wir auch bei gef\u00f6rderten Projekten immer selbst tragen, die sogenannten Eigenmittel. Wir verwenden alle [&hellip;]<\/p>\n","protected":false},"author":1,"featured_media":0,"parent":0,"menu_order":0,"comment_status":"closed","ping_status":"closed","template":"","meta":{"inline_featured_image":false,"footnotes":""},"class_list":["post-5655","page","type-page","status-publish","hentry"],"_links":{"self":[{"href":"https:\/\/www.poedelwitz.de\/en\/wp-json\/wp\/v2\/pages\/5655","targetHints":{"allow":["GET"]}}],"collection":[{"href":"https:\/\/www.poedelwitz.de\/en\/wp-json\/wp\/v2\/pages"}],"about":[{"href":"https:\/\/www.poedelwitz.de\/en\/wp-json\/wp\/v2\/types\/page"}],"author":[{"embeddable":true,"href":"https:\/\/www.poedelwitz.de\/en\/wp-json\/wp\/v2\/users\/1"}],"replies":[{"embeddable":true,"href":"https:\/\/www.poedelwitz.de\/en\/wp-json\/wp\/v2\/comments?post=5655"}],"version-history":[{"count":2,"href":"https:\/\/www.poedelwitz.de\/en\/wp-json\/wp\/v2\/pages\/5655\/revisions"}],"predecessor-version":[{"id":5677,"href":"https:\/\/www.poedelwitz.de\/en\/wp-json\/wp\/v2\/pages\/5655\/revisions\/5677"}],"wp:attachment":[{"href":"https:\/\/www.poedelwitz.de\/en\/wp-json\/wp\/v2\/media?parent=5655"}],"curies":[{"name":"wp","href":"https:\/\/api.w.org\/{rel}","templated":true}]}}